{"id":397,"date":"2013-02-22T10:40:36","date_gmt":"2013-02-22T09:40:36","guid":{"rendered":"http:\/\/septentriones.nl\/?page_id=397"},"modified":"2013-02-22T10:56:15","modified_gmt":"2013-02-22T09:56:15","slug":"programma-12-november-2006","status":"publish","type":"page","link":"https:\/\/septentriones.nl\/?page_id=397","title":{"rendered":"Programma 12 november 2006"},"content":{"rendered":"<p align=\"center\"><span style=\"text-decoration: underline;\">Programma<\/span><\/p>\n<p align=\"center\">\n<p align=\"center\">Septentriones<\/p>\n<p align=\"center\">onder leiding van Dick Teunissen<\/p>\n<p align=\"center\">\n<p align=\"center\"><b>March no.1 in D<\/b><\/p>\n<p align=\"center\">W.A. Mozart (1756-1791)<\/p>\n<p align=\"center\">(bewerking D. Teunissen)<\/p>\n<p align=\"center\">\n<p align=\"center\"><b>Blazersserenade in D mineur (opus 44)<\/b><\/p>\n<p align=\"center\">A. Dvor\u00e1k (1841 \u2013 1904)<b><\/b><\/p>\n<p align=\"center\"><i>Moderato, quasi marcia<\/i><\/p>\n<p align=\"center\"><i>Minuetto. Tempo di minuetto<\/i><\/p>\n<p align=\"center\"><i>Andante con moto<\/i><\/p>\n<p align=\"center\"><i>Finale. Allegro molto<\/i><\/p>\n<p align=\"center\"><i>\u00a0<\/i><\/p>\n<p align=\"center\">\n<p align=\"center\">Pauze<\/p>\n<p align=\"center\">\n<p align=\"center\">\n<p align=\"center\">Kennemer Consort<\/p>\n<p align=\"center\">onder leiding van Beno\u00eet Debrock<\/p>\n<p align=\"center\">\n<p align=\"center\"><b>Andante festivo<\/b><b><\/b><\/p>\n<p align=\"center\">Jean Sibelius (1865 \u2013 1957)<\/p>\n<p align=\"center\">\n<p align=\"center\"><b>Strijkersserenade in E majeur (opus 22)<\/b><\/p>\n<p align=\"center\">A. Dvor\u00e1k (1841 \u2013 1904)<b><\/b><\/p>\n<p align=\"center\"><i>Moderato<\/i><\/p>\n<p align=\"center\"><i>Tempo di valse<\/i><\/p>\n<p align=\"center\"><i>Scherzo. Vivace<\/i><\/p>\n<p align=\"center\"><i>Larghetto<\/i><\/p>\n<p align=\"center\"><i>Finale. Allegro vivace<\/i><i><\/i><\/p>\n<p><i><br clear=\"all\" \/> <\/i><\/p>\n<p>&nbsp;<\/p>\n<p>De vader van Dvor\u00e1k was slager-herbergier in Nelahozeves, een onooglijk dorpje in Tsjechi\u00eb. Als oudste zoon geboren op 8 september 1841, is Anton\u00edn voorbestemd om hem op te volgen. Vioollessen die hij van de dorpsonderwijzer gekregen heeft, doen hem echter een andere keuze maken. In 1857 vertrekt hij als muziekstudent naar Praag. Hij houdt de eerste jaren het hoofd boven water door in diverse orkestjes te spelen als altist.<\/p>\n<p>Door zijn successen als componist, en de vriendschap en bescherming van Brahms en Tschaikovski groeit hij uit tot een bekend musicus. Beroemde orkesten (in het buitenland) nodigen hem uit om eigen werk te komen dirigeren. Op uitnodiging vertrekt hij (na lang aarzelen) enkele jaren met zijn gezin naar New York als leider van de &#8220;National Conservatory of Art&#8221;. In 1894 loopt zijn contract in Amerika ten einde, en keert hij terug naar de Bohemen. Anton\u00edn Dvor\u00e1k overlijdt in 1904 in Praag op 62-jarige leeftijd. Met het veelzijdige werk van Dvor\u00e1k vond de Tsjechische muziekwereld zijn onmiskenbare nationale identiteit.<\/p>\n<p>&nbsp;<\/p>\n<p>Anton\u00edn Dvor\u00e1k schreef zijn serenade voor strijkers in 1875. Het was een gelukkige periode in zijn leven. Hij had net een beurs gekregen op aanbeveling van Brahms, hij was gelukkig getrouwd met Anna Cermakova en zijn grotendeels herschreven opera \u00b4De koning en de mijnwerker\u00b4 was in 1874 met groot succes opgevoerd in Praag. Deze gelukkige omstandigheden klinken door in dit elegante vijfdelige werk. Drie jaar later, in 1878, schreef Dvor\u00e1k \u00e9\u00e9n van de mooiste werken voor blazers: zijn serenade in D mineur, opus 44. Hij zou daarbij ge\u00efnspireerd zijn door een andere prachtige blazersserenade, de Gran Partita van Mozart.\u00a0 Zelden staan, zoals vandaag, de serenades van Dvor\u00e1k samen in \u00e9\u00e9n programma. Wij wensen u veel luistergenot!<\/p>\n<p>&nbsp;<\/p>\n<p align=\"center\">W.A. Mozart (1756-1791)<\/p>\n<p align=\"center\"><b>March no.1 in D<\/b><\/p>\n<p>&nbsp;<\/p>\n<p>Mozart wordt vaak beschouwd als het grootste muzikale genie aller tijden. Zijn productie was, vooral gezien zijn korte leven, enorm: 16 opera&#8217;s, 41 symfonie\u00ebn, 27 pianoconcerten, 5 vioolconcerten, 25 strijkkwartetten, 19 missen, en vele andere werken in alle vormen die in die tijd populair waren.<\/p>\n<p>In 1779 componeerde Mozart in Salzburg de <em>Posthoornserenade<\/em>(KV320). De mars die wij hier spelen is geschreven ter introductie van deze serenade. Mozart heeft nog een mars geschreven die na afloop ervan werd gespeeld. Het schrijven van marsen rondom een stuk was een goed gebruik in die tijd.<\/p>\n<p align=\"center\">\n<p align=\"center\">\n<p align=\"center\">Jean Sibelius (1865 \u2013 1957)<b><\/b><\/p>\n<p align=\"center\"><b>Andante festivo<\/b><\/p>\n<p align=\"center\">\n<p>De Finse componist Jean Sibelius schreef het Andante Festivo in 1922 voor strijkkwartet. Later bewerkte hij het stuk voor strijkorkest en op 1 januari 1939 dirigeerde hij deze versie voor een korte-golf radio-uitzending ter gelegenheid van de Wereldtentoonstelling in New York. Van dit concert is een opname gemaakt op wasrol. Het was de laatste keer dat Sibelius dirigeerde en het is de enige bekende opname van hem als dirigent. Het Andante bestaat uit een nobele alsmaar doorgaande melodie. Volgens \u00e9\u00e9n commentator was Sibelius nooit dichter bij een religieuze verklaring dan in dit stuk.<\/p>\n<p>&nbsp;<\/p>\n<p>&nbsp;<\/p>\n<p>&nbsp;<\/p>\n<p align=\"center\"><i>Septentriones<\/i><\/p>\n<p align=\"center\">\n<p>Dit blazersensemble bestaat sinds het najaar van 2002 uit acht enthousiaste musici met een gezamenlijke interesse in kamermuziek. De basisbezetting is een klassiek octet bestaande uit twee hobo\u2019s, twee klarinetten, twee fagotten en twee hoorns. Voor dit programma is de bezetting uitgebreid met een extra hoorn, een cello en een contrabas.<\/p>\n<p>Het ensemble werkt aan twee of drie projecten per jaar. Een korte periode van intensief repeteren wordt afgesloten met concerten op diverse locaties in Nederland. Het repertoire bestaat uit klassieke, romantische en hedendaagse werken. Septentriones is Latijn voor enerzijds het sterrenbeeld Grote Beer en anderzijds het noorden en noordenwind. Het blaasoctet (wind octet) Septentriones is opgericht in de sterren- en planetenbuurt in Amsterdam-Noord en de leden komen (bijna) allemaal uit Noord-Holland. Sinds medio 2006 wordt het octet geleid door Dick Teunissen. Wilt u meer weten over Septentriones? Kijk op www.septentriones.nl.<\/p>\n<p align=\"center\"><i>Dick Teunissen<\/i><\/p>\n<p align=\"center\">\n<p>In 1948 in Ede geboren. Hij studeerde trompet bij Klaas Kos aan het conservatorium in Arnhem en directie HaFaBra bij Henk van Lijnschoten. Na zijn studie was hij als trompettist enkele jaren verbonden aan het Rotterdams Philharmonisch Orkest. Vervolgens stapte hij over naar het Muziekcentrum van de Omroep in Hilversum. Daar was hij jaren als eerste trompettist werkzaam bij het Radio Kamerorkest. Het Radio Kamerorkest is medio 2005 gefuseerd met het Radio Symfonie Orkest, en is daarbij opgegaan in de Radio Kamer Philharmonie. Ook heeft Dick Teunissen vele jaren trompet gedoceerd aan het Hilversums Conservatorium, later opgegaan in het Sweelinck Conservatorium te Amsterdam. Dick Teunissen heeft vele harmonie- en fanfare-orkesten gedirigeerd. Momenteel is hij dirigent van harmoniegezelschap Kunst na Arbeid in Arkel, en de Bouw- en Infraharmonie Nederland (voorheen: Wegenbouwkapel Nederland).<\/p>\n<p>&nbsp;<\/p>\n<p align=\"center\">\n<p align=\"center\"><i>Kennemer Consort<\/i><\/p>\n<p align=\"center\">\n<p align=\"center\">\n<p>Dit strijkorkest is ontstaan uit vrienden van vrienden van vrienden. \u2018Ze hebben het druk en ze spelen met overgave een strijkinstrument\u2019. Zo typeerde een recensent ooit het Kennemer Consort. Dit ensemble uit de regio Kennermerland (rond Haarlem) geeft eenmaal per jaar een concert en organiseert tevens jaarlijks een weekend waarin een extra uitdagend stuk wordt gerepeteerd en kamermuziek wordt gemaakt. Het Kennemer Consort streeft naar een zo groot mogelijke muzikale perfectie in samenhang met een grote mate van plezier in het samen musiceren. Dit voorjaar gaf het ensemble ter gelegenheid van zijn 15-jarig bestaan een concert in de Dordogne onder leiding van Jeroen Vermeulen. Dirigent voor dit najaarsconcert is Beno\u00eet Debrock en concertmeester is Han Wispelwey.<\/p>\n<p>Wilt u meer weten over het Kennemer Consort? U kunt contact opnemen met Jet Bensdorp. Bel 023-5243047 of e-mail bens@tiscali.nl.<\/p>\n<p align=\"center\">\n<p align=\"center\">\n<p align=\"center\"><i>Beno\u00eet Debrock<\/i><\/p>\n<p align=\"center\"><i>\u00a0<\/i><\/p>\n<p align=\"center\">\n<p align=\"center\">\n<p>Beno\u00eet Debrock studeerde orkestdirectie op het Conservatorium in Den Haag bij Ed Spanjaard en Jac van Steen. Hij is een allround dirigent. Hij heeft in 1998 het operagezelschap Opera Minora mede opgericht. Onder zijn muzikale leiding zijn verschillende premi\u00e8res van 20<sup>e<\/sup> eeuwse \u00e9\u00e9nakters en onbekende kameropera\u2019s uit de 18<sup>e<\/sup> eeuw geproduceerd, waarvan \u00e9\u00e9n zelfs door de Japanse televisie is opgenomen. Verder heeft hij radio-opnames gemaakt voor de NCRV.<\/p>\n<p>In 2002 was hij muzikaal leider bij Opera Trionfo van \u2018La Tr\u00e1gedie de Carmen\u2019 van Bizet\/Brooks. In 2003 heeft hij de wereldpremi\u00e8re gedirigeerd van de opera \u2018De roep van de Kinkhoorn\u2019 van Bart Visman op een tekst van Paul Biegel. Van deze opera is een cd-opname gemaakt. Eveneens in 2003 maakte hij zijn debuut aan het Nationaal theater in Weimar met Benjamin Britten\u2019s kerkparabel \u2018Curlew River\u2019. De laatste twee jaar is hij nauw verbonden aan de Stichting Intermezzo Opera. Het is de tweede keer dat Beno\u00eet Debrock voor het Kennemer Consort\u00a0 staat.<\/p>\n","protected":false},"excerpt":{"rendered":"<p>Programma Septentriones onder leiding van Dick Teunissen March no.1 in D W.A. Mozart (1756-1791) (bewerking D. Teunissen) Blazersserenade in D mineur (opus 44) A. Dvor\u00e1k (1841 \u2013 1904) Moderato, quasi marcia Minuetto. Tempo di minuetto Andante con moto Finale. Allegro molto \u00a0 Pauze Kennemer Consort onder leiding van Beno\u00eet Debrock Andante festivo Jean Sibelius (1865 &#8230;<a class=\"post-readmore\" href=\"https:\/\/septentriones.nl\/?page_id=397\">read more<\/a><\/p>\n","protected":false},"author":1,"featured_media":0,"parent":0,"menu_order":0,"comment_status":"closed","ping_status":"closed","template":"","meta":{"footnotes":""},"class_list":["post-397","page","type-page","status-publish","hentry"],"_links":{"self":[{"href":"https:\/\/septentriones.nl\/index.php?rest_route=\/wp\/v2\/pages\/397","targetHints":{"allow":["GET"]}}],"collection":[{"href":"https:\/\/septentriones.nl\/index.php?rest_route=\/wp\/v2\/pages"}],"about":[{"href":"https:\/\/septentriones.nl\/index.php?rest_route=\/wp\/v2\/types\/page"}],"author":[{"embeddable":true,"href":"https:\/\/septentriones.nl\/index.php?rest_route=\/wp\/v2\/users\/1"}],"replies":[{"embeddable":true,"href":"https:\/\/septentriones.nl\/index.php?rest_route=%2Fwp%2Fv2%2Fcomments&post=397"}],"version-history":[{"count":5,"href":"https:\/\/septentriones.nl\/index.php?rest_route=\/wp\/v2\/pages\/397\/revisions"}],"predecessor-version":[{"id":407,"href":"https:\/\/septentriones.nl\/index.php?rest_route=\/wp\/v2\/pages\/397\/revisions\/407"}],"wp:attachment":[{"href":"https:\/\/septentriones.nl\/index.php?rest_route=%2Fwp%2Fv2%2Fmedia&parent=397"}],"curies":[{"name":"wp","href":"https:\/\/api.w.org\/{rel}","templated":true}]}}